{"id":58,"date":"2018-01-24T15:12:48","date_gmt":"2018-01-24T15:12:48","guid":{"rendered":"https:\/\/www.infantjoy.bg\/?page_id=58"},"modified":"2026-02-16T11:17:15","modified_gmt":"2026-02-16T09:17:15","slug":"contact","status":"publish","type":"page","link":"https:\/\/infantjoy.eu\/pl\/contact\/","title":{"rendered":"Contact us"},"content":{"rendered":"\n<p class=\"has-very-dark-gray-color has-text-color\"><strong>Hello! <\/strong><\/p>\n\n\n\n<p>Our team is always available to assist you with any questions or inquiries.<\/p>\n\n\n\n<p>You can contact us by email at <strong><a>info@infantjoy.eu<\/a><\/strong>, by completing the contact form below, or by messaging us directly via <strong>WhatsApp<\/strong> using the button provided on this page.<\/p>\n\n\n\n<p><strong>Business Hours (Sofia Time \u2013 EET\/EEST):<\/strong><br>Monday \u2013 Friday: 8:00 AM \u2013 5:00 PM<\/p>\n\n\n\n<p>We aim to respond to all inquiries as promptly as possible.<\/p>\n\n\n\n<p>Kind regards,<br><strong>The Infant Joy Team<\/strong><\/p>\n\n\n<p>Write us here:\u00a0<\/p>\n<div class=\"wpforms-container \" id=\"wpforms-593\"><form id=\"wpforms-form-593\" class=\"wpforms-validate wpforms-form\" data-formid=\"593\" method=\"post\" enctype=\"multipart\/form-data\" action=\"\/pl\/wp-json\/wp\/v2\/pages\/58\" data-token=\"c547d50c6ed0015bcc6b0c49ea7dbb74\"><noscript class=\"wpforms-error-noscript\">Aby wype\u0142ni\u0107 ten formularz, w\u0142\u0105cz obs\u0142ug\u0119 JavaScript w przegl\u0105darce.<\/noscript><div class=\"wpforms-field-container\"><div id=\"wpforms-593-field_0-container\" class=\"wpforms-field wpforms-field-name\" data-field-id=\"0\"><label class=\"wpforms-field-label\" for=\"wpforms-593-field_0\">Name <span class=\"wpforms-required-label\">*<\/span><\/label><div class=\"wpforms-field-row wpforms-field-large\"><div class=\"wpforms-field-row-block wpforms-first wpforms-one-half\"><input type=\"text\" id=\"wpforms-593-field_0\" class=\"wpforms-field-name-first wpforms-field-required\" name=\"wpforms[fields][0][first]\" placeholder=\"First Name\" required><label for=\"wpforms-593-field_0\" class=\"wpforms-field-sublabel after wpforms-sublabel-hide\">Imi\u0119<\/label><\/div><div class=\"wpforms-field-row-block wpforms-one-half\"><input type=\"text\" id=\"wpforms-593-field_0-last\" class=\"wpforms-field-name-last wpforms-field-required\" name=\"wpforms[fields][0][last]\" placeholder=\"Last Name\" required><label for=\"wpforms-593-field_0-last\" class=\"wpforms-field-sublabel after wpforms-sublabel-hide\">Nazwisko<\/label><\/div><\/div><\/div><div id=\"wpforms-593-field_1-container\" class=\"wpforms-field wpforms-field-email\" data-field-id=\"1\"><label class=\"wpforms-field-label\" for=\"wpforms-593-field_1\">Email <span class=\"wpforms-required-label\">*<\/span><\/label><input type=\"email\" id=\"wpforms-593-field_1\" class=\"wpforms-field-medium wpforms-field-required\" name=\"wpforms[fields][1]\" spellcheck=\"false\" required><\/div><div id=\"wpforms-593-field_4-container\" class=\"wpforms-field wpforms-field-text\" data-field-id=\"4\"><label class=\"wpforms-field-label\" for=\"wpforms-593-field_4\">Country <span class=\"wpforms-required-label\">*<\/span><\/label><input type=\"text\" id=\"wpforms-593-field_4\" class=\"wpforms-field-medium wpforms-field-required\" name=\"wpforms[fields][4]\" required><\/div><div id=\"wpforms-593-field_2-container\" class=\"wpforms-field wpforms-field-textarea\" data-field-id=\"2\"><label class=\"wpforms-field-label\" for=\"wpforms-593-field_2\">Your inquiry <span class=\"wpforms-required-label\">*<\/span><\/label><textarea id=\"wpforms-593-field_2\" class=\"wpforms-field-medium wpforms-field-required\" name=\"wpforms[fields][2]\" required><\/textarea><\/div><\/div><!-- .wpforms-field-container --><div class=\"wpforms-field wpforms-field-hp\"><label for=\"wpforms-593-field-hp\" class=\"wpforms-field-label\">Name<\/label><input type=\"text\" name=\"wpforms[hp]\" id=\"wpforms-593-field-hp\" class=\"wpforms-field-medium\"><\/div><div class=\"wpforms-submit-container\" ><input type=\"hidden\" name=\"wpforms[id]\" value=\"593\"><input type=\"hidden\" name=\"wpforms[author]\" value=\"1\"><button type=\"submit\" name=\"wpforms[submit]\" id=\"wpforms-submit-593\" class=\"wpforms-submit\" data-alt-text=\"Sending...\" data-submit-text=\"Send\" aria-live=\"assertive\" value=\"wpforms-submit\">Send<\/button><\/div><\/form><\/div>  <!-- .wpforms-container -->","protected":false},"excerpt":{"rendered":"<p>Hello! Our team is always available to assist you with any questions or inquiries. You can contact us by email at info@infantjoy.eu, by completing the contact form below, or by messaging us directly via WhatsApp using the button provided on this page. Business Hours (Sofia Time \u2013 EET\/EEST):Monday \u2013 Friday: 8:00 AM \u2013 5:00 PM We aim to respond to all inquiries as promptly as possible. Kind regards,The Infant Joy Team Write us here:\u00a0<\/p>","protected":false},"author":1,"featured_media":0,"parent":0,"menu_order":0,"comment_status":"closed","ping_status":"closed","template":"","meta":{"_acf_changed":false,"footnotes":""},"class_list":["post-58","page","type-page","status-publish","hentry"],"acf":[],"_links":{"self":[{"href":"https:\/\/infantjoy.eu\/pl\/wp-json\/wp\/v2\/pages\/58","targetHints":{"allow":["GET"]}}],"collection":[{"href":"https:\/\/infantjoy.eu\/pl\/wp-json\/wp\/v2\/pages"}],"about":[{"href":"https:\/\/infantjoy.eu\/pl\/wp-json\/wp\/v2\/types\/page"}],"author":[{"embeddable":true,"href":"https:\/\/infantjoy.eu\/pl\/wp-json\/wp\/v2\/users\/1"}],"replies":[{"embeddable":true,"href":"https:\/\/infantjoy.eu\/pl\/wp-json\/wp\/v2\/comments?post=58"}],"version-history":[{"count":1,"href":"https:\/\/infantjoy.eu\/pl\/wp-json\/wp\/v2\/pages\/58\/revisions"}],"predecessor-version":[{"id":543361,"href":"https:\/\/infantjoy.eu\/pl\/wp-json\/wp\/v2\/pages\/58\/revisions\/543361"}],"wp:attachment":[{"href":"https:\/\/infantjoy.eu\/pl\/wp-json\/wp\/v2\/media?parent=58"}],"curies":[{"name":"wp","href":"https:\/\/api.w.org\/{rel}","templated":true}]}}